{"id":126,"date":"2022-05-02T17:38:28","date_gmt":"2022-05-02T17:38:28","guid":{"rendered":"https:\/\/schlummer-monster.de\/?page_id=126"},"modified":"2022-05-02T17:38:34","modified_gmt":"2022-05-02T17:38:34","slug":"impressum","status":"publish","type":"page","link":"https:\/\/schlummer-monster.de\/index.php\/impressum\/","title":{"rendered":"Impressum"},"content":{"rendered":"<p>[et_pb_section fb_built=&#8220;1&#8243; _builder_version=&#8220;4.16&#8243; global_colors_info=&#8220;{}&#8220; theme_builder_area=&#8220;post_content&#8220;][et_pb_row _builder_version=&#8220;4.17.0&#8243; background_size=&#8220;initial&#8220; background_position=&#8220;top_left&#8220; background_repeat=&#8220;repeat&#8220; custom_margin=&#8220;100px||||false|false&#8220; global_colors_info=&#8220;{}&#8220; theme_builder_area=&#8220;post_content&#8220;][et_pb_column type=&#8220;4_4&#8243; _builder_version=&#8220;4.16&#8243; custom_padding=&#8220;|||&#8220; global_colors_info=&#8220;{}&#8220; custom_padding__hover=&#8220;|||&#8220; theme_builder_area=&#8220;post_content&#8220;][et_pb_text _builder_version=&#8220;4.17.0&#8243; background_size=&#8220;initial&#8220; background_position=&#8220;top_left&#8220; background_repeat=&#8220;repeat&#8220; hover_enabled=&#8220;0&#8243; global_colors_info=&#8220;{}&#8220; theme_builder_area=&#8220;post_content&#8220; sticky_enabled=&#8220;0&#8243;]<\/p>\n<h1 class=\"adsimple-322012743 fusion-responsive-typography-calculated\" data-fontsize=\"32\" data-lineheight=\"38.4px\">Impressum<\/h1>\n<p class=\"adsimple-322012743\">Angaben gem\u00e4\u00df Informationspflicht laut \u00a7 5 Telemediengesetz (TMG).<\/p>\n<p class=\"adsimple-322012743\">\n<p class=\"adsimple-322012743\">\n<p class=\"adsimple-322012743\"><strong>E-Mail:<\/strong><span>\u00a0<\/span><a href=\"mailto:design@gerwe.net\">design@gerwe.net<\/a><\/p>\n<p class=\"adsimple-322012743\"><strong>Kontaktdaten des Verantwortlichen f\u00fcr Datenschutz<\/strong><br \/>Sollten Sie Fragen zum Datenschutz haben, finden Sie nachfolgend die Kontaktdaten der verantwortlichen Person bzw. Stelle:<br \/>Chantal Gerwe<br \/>Bittweg 124D, 40225 D\u00fcsseldorf, Deutschland<br \/>E-Mail-Adresse:<span>\u00a0<\/span><a href=\"mailto:design@gerwe.net\">design@gerwe.net<\/a><\/p>\n<h2 id=\"eu-streitschlichtung\" class=\"adsimple-322012743 fusion-responsive-typography-calculated\" data-fontsize=\"24\" data-lineheight=\"36px\">EU-Streitschlichtung<\/h2>\n<p>Gem\u00e4\u00df Verordnung \u00fcber Online-Streitbeilegung in Verbraucherangelegenheiten (ODR-Verordnung) m\u00f6chten wir Sie \u00fcber die Online-Streitbeilegungsplattform (OS-Plattform) informieren.<br \/>Verbraucher haben die M\u00f6glichkeit, Beschwerden an die Online Streitbeilegungsplattform der Europ\u00e4ischen Kommission unter<span>\u00a0<\/span><a class=\"adsimple-322012743\" href=\"https:\/\/ec.europa.eu\/consumers\/odr\/main\/index.cfm?event=main.home2.show&amp;lng=DE\" target=\"_blank\" rel=\"follow noopener\">https:\/\/ec.europa.eu\/consumers\/odr\/main\/index.cfm?event=main.home2.show&amp;lng=DE<\/a><span>\u00a0<\/span>zu richten. Die daf\u00fcr notwendigen Kontaktdaten finden Sie oberhalb in unserem Impressum.<\/p>\n<p>Wir m\u00f6chten Sie jedoch darauf hinweisen, dass wir nicht bereit oder verpflichtet sind, an Streitbeilegungsverfahren vor einer Verbraucherschlichtungsstelle teilzunehmen.<\/p>\n<h2 id=\"haftung-fuer-inhalte-dieser-webseite\" class=\"adsimple-322012743 fusion-responsive-typography-calculated\" data-fontsize=\"24\" data-lineheight=\"36px\">Haftung f\u00fcr Inhalte dieser Website<\/h2>\n<p>Wir entwickeln die Inhalte dieser Website st\u00e4ndig weiter und bem\u00fchen uns korrekte und aktuelle Informationen bereitzustellen. Leider k\u00f6nnen wir keine Haftung f\u00fcr die Korrektheit aller Inhalte auf dieser Website \u00fcbernehmen, speziell f\u00fcr jene, die seitens Dritter bereitgestellt wurden. Als Diensteanbieter sind wir nicht verpflichtet, die von Ihnen \u00fcbermittelten oder gespeicherten Informationen zu \u00fcberwachen oder nach Umst\u00e4nden zu forschen, die auf eine rechtswidrige T\u00e4tigkeit hinweisen.<\/p>\n<p>Unsere Verpflichtungen zur Entfernung von Informationen oder zur Sperrung der Nutzung von Informationen nach den allgemeinen Gesetzen aufgrund von gerichtlichen oder beh\u00f6rdlichen Anordnungen bleiben auch im Falle unserer Nichtverantwortlichkeit davon unber\u00fchrt.<\/p>\n<p>Sollten Ihnen problematische oder rechtswidrige Inhalte auffallen, bitte wir Sie uns umgehend zu kontaktieren, damit wir die rechtswidrigen Inhalte entfernen k\u00f6nnen. Sie finden die Kontaktdaten im Impressum.<\/p>\n<h2 id=\"haftung-links-webseite\" class=\"adsimple-322012743 fusion-responsive-typography-calculated\" data-fontsize=\"24\" data-lineheight=\"36px\">Haftung f\u00fcr Links auf dieser Website<\/h2>\n<p>Unsere Website enth\u00e4lt Links zu anderen Websites f\u00fcr deren Inhalt wir nicht verantwortlich sind. Haftung f\u00fcr verlinkte Websites besteht f\u00fcr uns nicht, da wir keine Kenntnis rechtswidriger T\u00e4tigkeiten hatten und haben, uns solche Rechtswidrigkeiten auch bisher nicht aufgefallen sind und wir Links sofort entfernen w\u00fcrden, wenn uns Rechtswidrigkeiten bekannt werden.<\/p>\n<p>Wenn Ihnen rechtswidrige Links auf unserer Website auffallen, bitte wir Sie uns zu kontaktieren. Sie finden die Kontaktdaten im Impressum.<\/p>\n<h2 id=\"urheberrechtshinweis\" class=\"adsimple-322012743 fusion-responsive-typography-calculated\" data-fontsize=\"24\" data-lineheight=\"36px\">Urheberrechtshinweis<\/h2>\n<p>Alle Inhalte dieser Webseite (Bilder, Fotos, Texte, Videos) unterliegen dem Urheberrecht. Bitte fragen Sie uns bevor Sie die Inhalte dieser Website verbreiten, vervielf\u00e4ltigen oder verwerten wie zum Beispiel auf anderen Websites erneut ver\u00f6ffentlichen. Falls notwendig, werden wir die unerlaubte Nutzung von Teilen der Inhalte unserer Seite rechtlich verfolgen.<\/p>\n<p>Sollten Sie auf dieser Webseite Inhalte finden, die das Urheberrecht verletzen, bitten wir Sie uns zu kontaktieren.<\/p>\n<h2 id=\"bildernachweis\" class=\"adsimple-322012743 fusion-responsive-typography-calculated\" data-fontsize=\"24\" data-lineheight=\"36px\">Bildernachweis<\/h2>\n<p>Die Bilder, Fotos und Grafiken auf dieser Webseite sind urheberrechtlich gesch\u00fctzt.<\/p>\n<p>&nbsp;<\/p>\n<p>Die Bilderrechte liegen bei:<\/p>\n<p>Laila Amanda Santak<br \/>Chantal Gerwe<\/p>\n<p>&nbsp;<\/p>\n<p>Alle Texte sind urheberrechtlich gesch\u00fctzt.<\/p>\n<p>Quelle: Erstellt mit dem<span>\u00a0<\/span><a href=\"https:\/\/www.adsimple.de\/impressum-generator\/\" title=\"Impressum Generator von AdSimple f\u00fcr Deutschland\">Impressum Generator<\/a><span>\u00a0<\/span>von AdSimple<\/p>\n<p>[\/et_pb_text][\/et_pb_column][\/et_pb_row][\/et_pb_section][et_pb_section fb_built=&#8220;1&#8243; admin_label=&#8220;Footer Section&#8220; _builder_version=&#8220;4.17.0&#8243; _module_preset=&#8220;default&#8220; background_color=&#8220;#FFFFFF&#8220; custom_margin=&#8220;||15px|||&#8220; custom_padding=&#8220;101px|0px|101px|0px&#8220; box_shadow_style=&#8220;preset3&#8243; box_shadow_blur=&#8220;16px&#8220; box_shadow_spread=&#8220;-19px&#8220; global_module=&#8220;83&#8243; saved_tabs=&#8220;all&#8220; global_colors_info=&#8220;{}&#8220; theme_builder_area=&#8220;post_content&#8220;][et_pb_row column_structure=&#8220;1_4,1_4,1_4,1_4&#8243; custom_padding_last_edited=&#8220;on|tablet&#8220; admin_label=&#8220;Footer Row&#8220; _builder_version=&#8220;4.17.0&#8243; _module_preset=&#8220;default&#8220; custom_padding=&#8220;|||77px||&#8220; custom_padding_tablet=&#8220;&#8220; custom_padding_phone=&#8220;|||70px|false|false&#8220; global_colors_info=&#8220;{}&#8220; theme_builder_area=&#8220;post_content&#8220;][et_pb_column type=&#8220;1_4&#8243; _builder_version=&#8220;4.16&#8243; _module_preset=&#8220;default&#8220; custom_padding=&#8220;|||&#8220; global_colors_info=&#8220;{}&#8220; custom_padding__hover=&#8220;|||&#8220; theme_builder_area=&#8220;post_content&#8220;][et_pb_image src=&#8220;https:\/\/schlummer-monster.de\/wp-content\/uploads\/2022\/04\/Asset-12.png&#8220; title_text=&#8220;Asset 12&#8243; align_tablet=&#8220;center&#8220; align_phone=&#8220;center&#8220; align_last_edited=&#8220;on|desktop&#8220; admin_label=&#8220;logo&#8220; _builder_version=&#8220;4.17.0&#8243; _module_preset=&#8220;default&#8220; max_width=&#8220;70%&#8220; max_width_tablet=&#8220;&#8220; max_width_phone=&#8220;50%&#8220; max_width_last_edited=&#8220;on|phone&#8220; custom_margin=&#8220;10px|||0px|false|false&#8220; custom_margin_tablet=&#8220;&#8220; custom_margin_phone=&#8220;|||26px|false|false&#8220; custom_margin_last_edited=&#8220;on|phone&#8220; global_colors_info=&#8220;{}&#8220; theme_builder_area=&#8220;post_content&#8220;][\/et_pb_image][\/et_pb_column][et_pb_column type=&#8220;1_4&#8243; _builder_version=&#8220;4.16&#8243; _module_preset=&#8220;default&#8220; custom_padding=&#8220;|||&#8220; global_colors_info=&#8220;{}&#8220; custom_padding__hover=&#8220;|||&#8220; theme_builder_area=&#8220;post_content&#8220;][et_pb_text admin_label=&#8220;Links&#8220; _builder_version=&#8220;4.17.0&#8243; _module_preset=&#8220;default&#8220; text_font=&#8220;Open Sans|600|||||||&#8220; text_text_color=&#8220;#6B6B6B&#8220; text_line_height=&#8220;1.4em&#8220; link_font=&#8220;Open Sans|600|||||||&#8220; link_text_color=&#8220;#ffffff&#8220; link_line_height=&#8220;2.5em&#8220; header_font=&#8220;||||||||&#8220; header_2_font=&#8220;||||||||&#8220; header_3_font=&#8220;||||||||&#8220; header_6_font=&#8220;Oswald|500||on|||||&#8220; header_6_text_color=&#8220;#000000&#8243; header_6_letter_spacing=&#8220;2px&#8220; header_6_line_height=&#8220;1.7em&#8220; background_layout=&#8220;dark&#8220; module_alignment=&#8220;center&#8220; custom_margin=&#8220;|||&#8220; custom_margin_tablet=&#8220;0px|||&#8220; custom_margin_phone=&#8220;|||&#8220; custom_margin_last_edited=&#8220;off|desktop&#8220; custom_padding_tablet=&#8220;&#8220; custom_padding_phone=&#8220;|70px|||false|false&#8220; custom_padding_last_edited=&#8220;on|phone&#8220; text_line_height_last_edited=&#8220;off|desktop&#8220; text_orientation_tablet=&#8220;&#8220; text_orientation_phone=&#8220;center&#8220; text_orientation_last_edited=&#8220;on|phone&#8220; global_colors_info=&#8220;{}&#8220; theme_builder_area=&#8220;post_content&#8220;]<\/p>\n<h6>Unterst\u00fctzung<\/h6>\n<p>Konnten wir dich begeistern?<\/p>\n<p>Unterst\u00fctze uns mit deiner Newsletter-Anmeldung<\/p>\n<p>[\/et_pb_text][\/et_pb_column][et_pb_column type=&#8220;1_4&#8243; _builder_version=&#8220;4.16&#8243; _module_preset=&#8220;default&#8220; custom_padding=&#8220;|||&#8220; global_colors_info=&#8220;{}&#8220; custom_padding__hover=&#8220;|||&#8220; theme_builder_area=&#8220;post_content&#8220;][et_pb_text admin_label=&#8220;Links&#8220; _builder_version=&#8220;4.17.0&#8243; _module_preset=&#8220;default&#8220; text_font=&#8220;Open Sans|600|||||||&#8220; text_text_color=&#8220;#6B6B6B&#8220; text_line_height=&#8220;1.4em&#8220; link_font=&#8220;Open Sans|600|||||||&#8220; link_text_color=&#8220;#ffffff&#8220; link_line_height=&#8220;2.5em&#8220; header_font=&#8220;||||||||&#8220; header_text_color=&#8220;#000000&#8243; header_2_font=&#8220;||||||||&#8220; header_3_font=&#8220;||||||||&#8220; header_6_font=&#8220;Oswald|500||on|||||&#8220; header_6_text_color=&#8220;#000000&#8243; header_6_letter_spacing=&#8220;2px&#8220; header_6_line_height=&#8220;1.7em&#8220; background_layout=&#8220;dark&#8220; module_alignment=&#8220;center&#8220; custom_margin=&#8220;|||&#8220; custom_margin_tablet=&#8220;0px|||&#8220; custom_margin_phone=&#8220;|||&#8220; custom_margin_last_edited=&#8220;off|desktop&#8220; custom_padding=&#8220;|42px||||&#8220; custom_padding_tablet=&#8220;&#8220; custom_padding_phone=&#8220;|70px|||false|false&#8220; custom_padding_last_edited=&#8220;on|phone&#8220; text_line_height_last_edited=&#8220;off|desktop&#8220; text_orientation_tablet=&#8220;&#8220; text_orientation_phone=&#8220;center&#8220; text_orientation_last_edited=&#8220;on|phone&#8220; global_colors_info=&#8220;{}&#8220; theme_builder_area=&#8220;post_content&#8220;]<\/p>\n<h6>Kontakt<\/h6>\n<p>015233534680<\/p>\n<p>design@gerwe.net<\/p>\n<p>[\/et_pb_text][\/et_pb_column][et_pb_column type=&#8220;1_4&#8243; _builder_version=&#8220;4.16&#8243; _module_preset=&#8220;default&#8220; custom_padding=&#8220;|||&#8220; global_colors_info=&#8220;{}&#8220; custom_padding__hover=&#8220;|||&#8220; theme_builder_area=&#8220;post_content&#8220;][et_pb_text admin_label=&#8220;Links&#8220; _builder_version=&#8220;4.17.0&#8243; _module_preset=&#8220;default&#8220; text_font=&#8220;Open Sans|600|||||||&#8220; text_text_color=&#8220;#6B6B6B&#8220; text_line_height=&#8220;1.4em&#8220; link_font=&#8220;Open Sans|600|||||||&#8220; link_text_color=&#8220;#6B6B6B&#8220; link_line_height=&#8220;1.4em&#8220; header_font=&#8220;||||||||&#8220; header_2_font=&#8220;||||||||&#8220; header_3_font=&#8220;||||||||&#8220; header_6_font=&#8220;Oswald|500||on|||||&#8220; header_6_text_color=&#8220;#000000&#8243; header_6_letter_spacing=&#8220;2px&#8220; header_6_line_height=&#8220;1.7em&#8220; background_layout=&#8220;dark&#8220; module_alignment=&#8220;center&#8220; custom_margin=&#8220;|||-1px||&#8220; custom_margin_tablet=&#8220;0px|||&#8220; custom_margin_phone=&#8220;|||&#8220; custom_margin_last_edited=&#8220;off|desktop&#8220; custom_padding_tablet=&#8220;&#8220; custom_padding_phone=&#8220;|70px|||false|false&#8220; custom_padding_last_edited=&#8220;on|phone&#8220; text_line_height_last_edited=&#8220;off|desktop&#8220; text_orientation_tablet=&#8220;&#8220; text_orientation_phone=&#8220;center&#8220; text_orientation_last_edited=&#8220;on|phone&#8220; global_colors_info=&#8220;{}&#8220; theme_builder_area=&#8220;post_content&#8220;]<\/p>\n<h6>Links<\/h6>\n<p>Start<\/p>\n<p>Impressum<\/p>\n<p><a href=\"https:\/\/schlummer-monster.de\/index.php\/privacy-policy\/\">Datenschutz<\/a><\/p>\n<p>[\/et_pb_text][\/et_pb_column][\/et_pb_row][\/et_pb_section]<\/p>\n","protected":false},"excerpt":{"rendered":"<p>Impressum Angaben gem\u00e4\u00df Informationspflicht laut \u00a7 5 Telemediengesetz (TMG). E-Mail:\u00a0design@gerwe.net Kontaktdaten des Verantwortlichen f\u00fcr DatenschutzSollten Sie Fragen zum Datenschutz haben, finden Sie nachfolgend die Kontaktdaten der verantwortlichen Person bzw. Stelle:Chantal GerweBittweg 124D, 40225 D\u00fcsseldorf, DeutschlandE-Mail-Adresse:\u00a0design@gerwe.net EU-Streitschlichtung Gem\u00e4\u00df Verordnung \u00fcber Online-Streitbeilegung in Verbraucherangelegenheiten (ODR-Verordnung) m\u00f6chten wir Sie \u00fcber die Online-Streitbeilegungsplattform (OS-Plattform) informieren.Verbraucher haben die M\u00f6glichkeit, Beschwerden [&hellip;]<\/p>\n","protected":false},"author":2,"featured_media":0,"parent":0,"menu_order":0,"comment_status":"closed","ping_status":"closed","template":"","meta":{"_et_pb_use_builder":"on","_et_pb_old_content":"","_et_gb_content_width":"","footnotes":""},"class_list":["post-126","page","type-page","status-publish","hentry"],"yoast_head":"<!-- This site is optimized with the Yoast SEO plugin v23.1 - https:\/\/yoast.com\/wordpress\/plugins\/seo\/ -->\n<title>Impressum - Schlummermonster<\/title>\n<meta name=\"robots\" content=\"index, follow, max-snippet:-1, max-image-preview:large, max-video-preview:-1\" \/>\n<link rel=\"canonical\" href=\"https:\/\/schlummer-monster.de\/index.php\/impressum\/\" \/>\n<meta property=\"og:locale\" content=\"de_DE\" \/>\n<meta property=\"og:type\" content=\"article\" \/>\n<meta property=\"og:title\" content=\"Impressum - Schlummermonster\" \/>\n<meta property=\"og:description\" content=\"Impressum Angaben gem\u00e4\u00df Informationspflicht laut \u00a7 5 Telemediengesetz (TMG). E-Mail:\u00a0design@gerwe.net Kontaktdaten des Verantwortlichen f\u00fcr DatenschutzSollten Sie Fragen zum Datenschutz haben, finden Sie nachfolgend die Kontaktdaten der verantwortlichen Person bzw. Stelle:Chantal GerweBittweg 124D, 40225 D\u00fcsseldorf, DeutschlandE-Mail-Adresse:\u00a0design@gerwe.net EU-Streitschlichtung Gem\u00e4\u00df Verordnung \u00fcber Online-Streitbeilegung in Verbraucherangelegenheiten (ODR-Verordnung) m\u00f6chten wir Sie \u00fcber die Online-Streitbeilegungsplattform (OS-Plattform) informieren.Verbraucher haben die M\u00f6glichkeit, Beschwerden [&hellip;]\" \/>\n<meta property=\"og:url\" content=\"https:\/\/schlummer-monster.de\/index.php\/impressum\/\" \/>\n<meta property=\"og:site_name\" content=\"Schlummermonster\" \/>\n<meta property=\"article:modified_time\" content=\"2022-05-02T17:38:34+00:00\" \/>\n<meta name=\"twitter:card\" content=\"summary_large_image\" \/>\n<script type=\"application\/ld+json\" class=\"yoast-schema-graph\">{\"@context\":\"https:\/\/schema.org\",\"@graph\":[{\"@type\":\"WebPage\",\"@id\":\"https:\/\/schlummer-monster.de\/index.php\/impressum\/\",\"url\":\"https:\/\/schlummer-monster.de\/index.php\/impressum\/\",\"name\":\"Impressum - Schlummermonster\",\"isPartOf\":{\"@id\":\"https:\/\/schlummer-monster.de\/#website\"},\"datePublished\":\"2022-05-02T17:38:28+00:00\",\"dateModified\":\"2022-05-02T17:38:34+00:00\",\"breadcrumb\":{\"@id\":\"https:\/\/schlummer-monster.de\/index.php\/impressum\/#breadcrumb\"},\"inLanguage\":\"de\",\"potentialAction\":[{\"@type\":\"ReadAction\",\"target\":[\"https:\/\/schlummer-monster.de\/index.php\/impressum\/\"]}]},{\"@type\":\"BreadcrumbList\",\"@id\":\"https:\/\/schlummer-monster.de\/index.php\/impressum\/#breadcrumb\",\"itemListElement\":[{\"@type\":\"ListItem\",\"position\":1,\"name\":\"Startseite\",\"item\":\"https:\/\/schlummer-monster.de\/\"},{\"@type\":\"ListItem\",\"position\":2,\"name\":\"Impressum\"}]},{\"@type\":\"WebSite\",\"@id\":\"https:\/\/schlummer-monster.de\/#website\",\"url\":\"https:\/\/schlummer-monster.de\/\",\"name\":\"Schlummermonster\",\"description\":\"Die langfristigste Praeventionskampagne der Welt\",\"potentialAction\":[{\"@type\":\"SearchAction\",\"target\":{\"@type\":\"EntryPoint\",\"urlTemplate\":\"https:\/\/schlummer-monster.de\/?s={search_term_string}\"},\"query-input\":\"required name=search_term_string\"}],\"inLanguage\":\"de\"}]}<\/script>\n<!-- \/ Yoast SEO plugin. -->","yoast_head_json":{"title":"Impressum - Schlummermonster","robots":{"index":"index","follow":"follow","max-snippet":"max-snippet:-1","max-image-preview":"max-image-preview:large","max-video-preview":"max-video-preview:-1"},"canonical":"https:\/\/schlummer-monster.de\/index.php\/impressum\/","og_locale":"de_DE","og_type":"article","og_title":"Impressum - Schlummermonster","og_description":"Impressum Angaben gem\u00e4\u00df Informationspflicht laut \u00a7 5 Telemediengesetz (TMG). E-Mail:\u00a0design@gerwe.net Kontaktdaten des Verantwortlichen f\u00fcr DatenschutzSollten Sie Fragen zum Datenschutz haben, finden Sie nachfolgend die Kontaktdaten der verantwortlichen Person bzw. Stelle:Chantal GerweBittweg 124D, 40225 D\u00fcsseldorf, DeutschlandE-Mail-Adresse:\u00a0design@gerwe.net EU-Streitschlichtung Gem\u00e4\u00df Verordnung \u00fcber Online-Streitbeilegung in Verbraucherangelegenheiten (ODR-Verordnung) m\u00f6chten wir Sie \u00fcber die Online-Streitbeilegungsplattform (OS-Plattform) informieren.Verbraucher haben die M\u00f6glichkeit, Beschwerden [&hellip;]","og_url":"https:\/\/schlummer-monster.de\/index.php\/impressum\/","og_site_name":"Schlummermonster","article_modified_time":"2022-05-02T17:38:34+00:00","twitter_card":"summary_large_image","schema":{"@context":"https:\/\/schema.org","@graph":[{"@type":"WebPage","@id":"https:\/\/schlummer-monster.de\/index.php\/impressum\/","url":"https:\/\/schlummer-monster.de\/index.php\/impressum\/","name":"Impressum - Schlummermonster","isPartOf":{"@id":"https:\/\/schlummer-monster.de\/#website"},"datePublished":"2022-05-02T17:38:28+00:00","dateModified":"2022-05-02T17:38:34+00:00","breadcrumb":{"@id":"https:\/\/schlummer-monster.de\/index.php\/impressum\/#breadcrumb"},"inLanguage":"de","potentialAction":[{"@type":"ReadAction","target":["https:\/\/schlummer-monster.de\/index.php\/impressum\/"]}]},{"@type":"BreadcrumbList","@id":"https:\/\/schlummer-monster.de\/index.php\/impressum\/#breadcrumb","itemListElement":[{"@type":"ListItem","position":1,"name":"Startseite","item":"https:\/\/schlummer-monster.de\/"},{"@type":"ListItem","position":2,"name":"Impressum"}]},{"@type":"WebSite","@id":"https:\/\/schlummer-monster.de\/#website","url":"https:\/\/schlummer-monster.de\/","name":"Schlummermonster","description":"Die langfristigste Praeventionskampagne der Welt","potentialAction":[{"@type":"SearchAction","target":{"@type":"EntryPoint","urlTemplate":"https:\/\/schlummer-monster.de\/?s={search_term_string}"},"query-input":"required name=search_term_string"}],"inLanguage":"de"}]}},"_links":{"self":[{"href":"https:\/\/schlummer-monster.de\/index.php\/wp-json\/wp\/v2\/pages\/126","targetHints":{"allow":["GET"]}}],"collection":[{"href":"https:\/\/schlummer-monster.de\/index.php\/wp-json\/wp\/v2\/pages"}],"about":[{"href":"https:\/\/schlummer-monster.de\/index.php\/wp-json\/wp\/v2\/types\/page"}],"author":[{"embeddable":true,"href":"https:\/\/schlummer-monster.de\/index.php\/wp-json\/wp\/v2\/users\/2"}],"replies":[{"embeddable":true,"href":"https:\/\/schlummer-monster.de\/index.php\/wp-json\/wp\/v2\/comments?post=126"}],"version-history":[{"count":2,"href":"https:\/\/schlummer-monster.de\/index.php\/wp-json\/wp\/v2\/pages\/126\/revisions"}],"predecessor-version":[{"id":128,"href":"https:\/\/schlummer-monster.de\/index.php\/wp-json\/wp\/v2\/pages\/126\/revisions\/128"}],"wp:attachment":[{"href":"https:\/\/schlummer-monster.de\/index.php\/wp-json\/wp\/v2\/media?parent=126"}],"curies":[{"name":"wp","href":"https:\/\/api.w.org\/{rel}","templated":true}]}}